{"id":886,"date":"2017-09-29T08:32:13","date_gmt":"2017-09-29T08:32:13","guid":{"rendered":"http:\/\/sptskonin.salezjanie.pl\/?page_id=886"},"modified":"2017-09-29T08:32:13","modified_gmt":"2017-09-29T08:32:13","slug":"coming-soon","status":"publish","type":"page","link":"https:\/\/spts.konin.pl\/index.php\/coming-soon\/","title":{"rendered":"Wyjazdy"},"content":{"rendered":"<h2>Ferie i Wakacje<\/h2>\n<p>W ka\u017cde Ferie zimowe i wakacje nasza szko\u0142a organizuje<\/p>\n<ul>\n<li>p\u00f3\u0142kolonie,<\/li>\n<li>kolonie,<\/li>\n<li>bia\u0142\u0105 szko\u0142\u0119.<\/li>\n<\/ul>\n<figure><a href=\"http:\/\/sptskonin.salezjanie.pl\/wp-content\/uploads\/2019\/03\/52893640_853151648410140_5997373632123240448_n.jpg\"  class='post-gallery__link' data-cherrypopup='1' data-popup='magnificPopup' data-init='{&quot;type&quot;:&quot;image&quot;}'><img decoding=\"async\" width=\"770\" height=\"460\" src=\"http:\/\/sptskonin.salezjanie.pl\/wp-content\/uploads\/2019\/03\/52893640_853151648410140_5997373632123240448_n-770x460.jpg\" alt=\"\" \/><\/a><figcaption>Bia\u0142a szko\u0142a 2019<\/figcaption><\/figure>\n<figure><a href=\"http:\/\/sptskonin.salezjanie.pl\/wp-content\/uploads\/2019\/03\/52824753_853151488410156_1368517287929184256_n.jpg\"  class='post-gallery__link nth-child' data-cherrypopup='1' data-popup='magnificPopup' data-init='{&quot;type&quot;:&quot;image&quot;}'><img decoding=\"async\" width=\"770\" height=\"460\" src=\"http:\/\/sptskonin.salezjanie.pl\/wp-content\/uploads\/2019\/03\/52824753_853151488410156_1368517287929184256_n-770x460.jpg\" alt=\"\" \/><\/a><figcaption>Bia\u0142a szko\u0142a 2019<\/figcaption><\/figure>\n<figure><a href=\"http:\/\/sptskonin.salezjanie.pl\/wp-content\/uploads\/2019\/03\/52822559_853151785076793_8622468574130208768_n.jpg\"  class='post-gallery__link nth-child' data-cherrypopup='1' data-popup='magnificPopup' data-init='{&quot;type&quot;:&quot;image&quot;}'><img decoding=\"async\" width=\"770\" height=\"460\" src=\"http:\/\/sptskonin.salezjanie.pl\/wp-content\/uploads\/2019\/03\/52822559_853151785076793_8622468574130208768_n-770x460.jpg\" alt=\"\" \/><\/a><figcaption>Bia\u0142a szko\u0142a 2019<\/figcaption><\/figure>\n<figure><a href=\"http:\/\/sptskonin.salezjanie.pl\/wp-content\/uploads\/2019\/03\/52794036_853151928410112_8402792752265297920_n.jpg\"  class='post-gallery__link nth-child' data-cherrypopup='1' data-popup='magnificPopup' data-init='{&quot;type&quot;:&quot;image&quot;}'><img decoding=\"async\" width=\"770\" height=\"460\" src=\"http:\/\/sptskonin.salezjanie.pl\/wp-content\/uploads\/2019\/03\/52794036_853151928410112_8402792752265297920_n-770x460.jpg\" alt=\"\" \/><\/a><figcaption>Bia\u0142a szko\u0142a 2019<\/figcaption><\/figure>\n<figure><a href=\"http:\/\/sptskonin.salezjanie.pl\/wp-content\/uploads\/2019\/03\/52788281_853151748410130_5061849537950253056_n.jpg\"  class='post-gallery__link nth-child' data-cherrypopup='1' data-popup='magnificPopup' data-init='{&quot;type&quot;:&quot;image&quot;}'><img decoding=\"async\" width=\"770\" height=\"460\" src=\"http:\/\/sptskonin.salezjanie.pl\/wp-content\/uploads\/2019\/03\/52788281_853151748410130_5061849537950253056_n-770x460.jpg\" alt=\"\" \/><\/a><figcaption>Bia\u0142a szko\u0142a 2019<\/figcaption><\/figure>\n<figure><a href=\"http:\/\/sptskonin.salezjanie.pl\/wp-content\/uploads\/2019\/03\/52605410_853151691743469_2735786471247052800_n.jpg\"  class='post-gallery__link nth-child' data-cherrypopup='1' data-popup='magnificPopup' data-init='{&quot;type&quot;:&quot;image&quot;}'><img decoding=\"async\" width=\"770\" height=\"460\" src=\"http:\/\/sptskonin.salezjanie.pl\/wp-content\/uploads\/2019\/03\/52605410_853151691743469_2735786471247052800_n-770x460.jpg\" alt=\"\" \/><\/a><figcaption>Bia\u0142a szko\u0142a 2019<\/figcaption><\/figure>\n","protected":false},"excerpt":{"rendered":"<p>Ferie i Wakacje W ka\u017cde Ferie zimowe i wakacje nasza szko\u0142a organizuje p\u00f3\u0142kolonie, kolonie, bia\u0142\u0105 szko\u0142\u0119. Bia\u0142a szko\u0142a 2019 Bia\u0142a [&hellip;]<\/p>\n","protected":false},"author":1,"featured_media":0,"parent":0,"menu_order":0,"comment_status":"closed","ping_status":"closed","template":"page-templates\/without-header-footer.php","meta":{"footnotes":""},"class_list":["post-886","page","type-page","status-publish","hentry"],"_links":{"self":[{"href":"https:\/\/spts.konin.pl\/index.php\/wp-json\/wp\/v2\/pages\/886","targetHints":{"allow":["GET"]}}],"collection":[{"href":"https:\/\/spts.konin.pl\/index.php\/wp-json\/wp\/v2\/pages"}],"about":[{"href":"https:\/\/spts.konin.pl\/index.php\/wp-json\/wp\/v2\/types\/page"}],"author":[{"embeddable":true,"href":"https:\/\/spts.konin.pl\/index.php\/wp-json\/wp\/v2\/users\/1"}],"replies":[{"embeddable":true,"href":"https:\/\/spts.konin.pl\/index.php\/wp-json\/wp\/v2\/comments?post=886"}],"version-history":[{"count":0,"href":"https:\/\/spts.konin.pl\/index.php\/wp-json\/wp\/v2\/pages\/886\/revisions"}],"wp:attachment":[{"href":"https:\/\/spts.konin.pl\/index.php\/wp-json\/wp\/v2\/media?parent=886"}],"curies":[{"name":"wp","href":"https:\/\/api.w.org\/{rel}","templated":true}]}}