{"id":4367,"date":"2019-10-20T14:31:45","date_gmt":"2019-10-20T13:31:45","guid":{"rendered":"http:\/\/sptskonin.salezjanie.pl\/?page_id=4367"},"modified":"2019-10-20T14:31:45","modified_gmt":"2019-10-20T13:31:45","slug":"wspolpraca-z-uczelniami-wyzszymi","status":"publish","type":"page","link":"https:\/\/spts.konin.pl\/index.php\/wspolpraca-z-uczelniami-wyzszymi\/","title":{"rendered":"Wsp\u00f3\u0142praca z uczelniami wy\u017cszymi"},"content":{"rendered":"\n<figure class=\"wp-block-image\"><img decoding=\"async\" src=\"http:\/\/sptskonin.salezjanie.pl\/wp-content\/uploads\/2019\/10\/graficzne-rozsz.-logo_wersja-uzup_granat_ENG_CS-1-1024x422.jpg\" alt=\"\" class=\"wp-image-4370\"\/><\/figure>\n\n\n\n<p>\n\nW roku szkolnym 2019\/ 2020 Szko\u0142a Podstawowa Towarzystwa Salezja\u0144skiego w Koninie podpisa\u0142a porozumienie z Wydzia\u0142em Chemii Uniwersytetu im. Adama Mickiewicza w Poznaniu w sprawie obj\u0119cia patronatem klasy 7 SP. Efektem wsp\u00f3\u0142pracy jest utworzenie Klasy Akademickiej &#8211; wsp\u00f3\u0142praca dydaktyczna. Uczniowie korzystaj\u0105 z opieki merytorycznej pracownik\u00f3w Wydzia\u0142u, bior\u0105 udzia\u0142 w wyk\u0142adach, warsztatach, konferencjach naukowych i projektach. Opiekunami klasy akademickiej w naszej szkole s\u0105 pani El\u017cbieta Zawada i pani Kamila Torzewska. \n\n<\/p>\n","protected":false},"excerpt":{"rendered":"<p>W roku szkolnym 2019\/ 2020 Szko\u0142a Podstawowa Towarzystwa Salezja\u0144skiego w Koninie podpisa\u0142a porozumienie z Wydzia\u0142em Chemii Uniwersytetu im. Adama Mickiewicza [&hellip;]<\/p>\n","protected":false},"author":1,"featured_media":0,"parent":0,"menu_order":0,"comment_status":"closed","ping_status":"closed","template":"","meta":{"footnotes":""},"class_list":["post-4367","page","type-page","status-publish","hentry"],"_links":{"self":[{"href":"https:\/\/spts.konin.pl\/index.php\/wp-json\/wp\/v2\/pages\/4367","targetHints":{"allow":["GET"]}}],"collection":[{"href":"https:\/\/spts.konin.pl\/index.php\/wp-json\/wp\/v2\/pages"}],"about":[{"href":"https:\/\/spts.konin.pl\/index.php\/wp-json\/wp\/v2\/types\/page"}],"author":[{"embeddable":true,"href":"https:\/\/spts.konin.pl\/index.php\/wp-json\/wp\/v2\/users\/1"}],"replies":[{"embeddable":true,"href":"https:\/\/spts.konin.pl\/index.php\/wp-json\/wp\/v2\/comments?post=4367"}],"version-history":[{"count":0,"href":"https:\/\/spts.konin.pl\/index.php\/wp-json\/wp\/v2\/pages\/4367\/revisions"}],"wp:attachment":[{"href":"https:\/\/spts.konin.pl\/index.php\/wp-json\/wp\/v2\/media?parent=4367"}],"curies":[{"name":"wp","href":"https:\/\/api.w.org\/{rel}","templated":true}]}}