{"id":3974,"date":"2014-12-15T18:14:09","date_gmt":"2014-12-15T17:14:09","guid":{"rendered":"https:\/\/undsgn.com\/uncode\/?page_id=3974"},"modified":"2025-07-31T10:41:50","modified_gmt":"2025-07-31T10:41:50","slug":"contact-classic","status":"publish","type":"page","link":"https:\/\/spts.konin.pl\/index.php\/pages\/contact-classic\/","title":{"rendered":"Contact Classic"},"content":{"rendered":"<div class=\"wpb-content-wrapper\"><p>[vc_row row_height_percent=&#8221;0&#8243; override_padding=&#8221;yes&#8221; h_padding=&#8221;2&#8243; top_padding=&#8221;5&#8243; bottom_padding=&#8221;5&#8243; overlay_alpha=&#8221;50&#8243; gutter_size=&#8221;4&#8243; column_width_percent=&#8221;100&#8243; shift_y=&#8221;0&#8243; z_index=&#8221;0&#8243; el_class=&#8221;inverted-device-order&#8221;][vc_column column_width_use_pixel=&#8221;yes&#8221; gutter_size=&#8221;5&#8243; overlay_alpha=&#8221;50&#8243; shift_x=&#8221;0&#8243; shift_y=&#8221;0&#8243; shift_y_down=&#8221;0&#8243; z_index=&#8221;0&#8243; medium_width=&#8221;4&#8243; mobile_width=&#8221;0&#8243; width=&#8221;1\/2&#8243; el_class=&#8221;inverted-device-order&#8221; uncode_shortcode_id=&#8221;148982&#8243; column_width_pixel=&#8221;20000&#8243;][vc_single_image media=&#8221;42&#8243; media_width_percent=&#8221;100&#8243; media_ratio=&#8221;one-one&#8221; alignment=&#8221;right&#8221; lbox_skin=&#8221;white&#8221; lbox_transparency=&#8221;opaque&#8221; uncode_shortcode_id=&#8221;287118&#8243;][\/vc_column][\/vc_row][vc_row row_height_percent=&#8221;0&#8243; override_padding=&#8221;yes&#8221; h_padding=&#8221;2&#8243; top_padding=&#8221;5&#8243; bottom_padding=&#8221;5&#8243; overlay_alpha=&#8221;50&#8243; gutter_size=&#8221;4&#8243; column_width_percent=&#8221;100&#8243; shift_y=&#8221;0&#8243; z_index=&#8221;0&#8243; el_class=&#8221;inverted-device-order&#8221;][vc_column column_width_percent=&#8221;100&#8243; position_horizontal=&#8221;left&#8221; position_vertical=&#8221;middle&#8221; gutter_size=&#8221;3&#8243; back_color=&#8221;color-lxmt&#8221; overlay_alpha=&#8221;50&#8243; shift_x=&#8221;0&#8243; shift_y=&#8221;0&#8243; shift_y_down=&#8221;0&#8243; z_index=&#8221;0&#8243; medium_width=&#8221;4&#8243; mobile_width=&#8221;0&#8243; width=&#8221;1\/2&#8243; uncode_shortcode_id=&#8221;329446&#8243; back_color_type=&#8221;uncode-palette&#8221;][vc_custom_heading heading_semantic=&#8221;h6&#8243; text_size=&#8221;fontsize-160000&#8243; text_transform=&#8221;uppercase&#8221; text_space=&#8221;fontspace-135905&#8243; uncode_shortcode_id=&#8221;190274&#8243; text_color_type=&#8221;uncode-solid&#8221; text_color_solid=&#8221;#e5022a&#8221;]Misja[\/vc_custom_heading][vc_custom_heading heading_semantic=&#8221;h3&#8243; text_size=&#8221;fontsize-155944&#8243; subheading=&#8221;Chcesz do nas do\u0142\u0105czy\u0107? To ju\u017c ostatni dzwonek. Sprawd\u017a nas i poznaj wyj\u0105tkow\u0105 atmosfer\u0119 wed\u0142ug zasad \u015aw. Jana Bosko! Wpadnij na lekcje, albo na \u015bwietlic\u0119.<\/p>\n<p>Poczuj atmosfer\u0119 szko\u0142y ro(c)kuj\u0105cej!&#8221; uncode_shortcode_id=&#8221;665561&#8243; text_color_type=&#8221;uncode-palette&#8221; text_color_solid=&#8221;#ff0000&#8243;]Szko\u0142a Salezja\u0144ska[\/vc_custom_heading][vc_separator sep_color=&#8221;,Default&#8221;][vc_button border_width=&#8221;0&#8243; link=&#8221;url:https%3A%2F%2Fspts.zidev.pl%2Findex.php%2Frekrutacja%2F|title:Rekrutacja|target:_blank&#8221; button_color_type=&#8221;uncode-solid&#8221; uncode_shortcode_id=&#8221;136547&#8243; button_color_solid=&#8221;#e5022a&#8221;]Rekrutacja 2026\/207[\/vc_button][\/vc_column][vc_column column_width_use_pixel=&#8221;yes&#8221; gutter_size=&#8221;5&#8243; overlay_alpha=&#8221;50&#8243; shift_x=&#8221;0&#8243; shift_y=&#8221;0&#8243; shift_y_down=&#8221;0&#8243; z_index=&#8221;0&#8243; medium_width=&#8221;4&#8243; mobile_width=&#8221;0&#8243; width=&#8221;1\/2&#8243; el_class=&#8221;inverted-device-order&#8221; uncode_shortcode_id=&#8221;148982&#8243; column_width_pixel=&#8221;20000&#8243;][vc_single_image media=&#8221;42&#8243; media_width_percent=&#8221;100&#8243; media_ratio=&#8221;one-one&#8221; alignment=&#8221;right&#8221;][vc_single_image media=&#8221;118125&#8243; media_width_use_pixel=&#8221;yes&#8221; media_ratio=&#8221;sixteen-nine&#8221; shape=&#8221;img-round&#8221; radius=&#8221;lg&#8221; custom_cursor=&#8221;light&#8221; skew=&#8221;yes&#8221; uncode_shortcode_id=&#8221;183883&#8243; media_width_pixel=&#8221;10000&#8243;][\/vc_column][\/vc_row][vc_row row_height_percent=&#8221;0&#8243; override_padding=&#8221;yes&#8221; h_padding=&#8221;2&#8243; top_padding=&#8221;5&#8243; bottom_padding=&#8221;5&#8243; overlay_alpha=&#8221;50&#8243; gutter_size=&#8221;3&#8243; column_width_percent=&#8221;100&#8243; shift_y=&#8221;0&#8243; z_index=&#8221;0&#8243;][vc_column column_width_percent=&#8221;100&#8243; gutter_size=&#8221;4&#8243; overlay_alpha=&#8221;50&#8243; shift_x=&#8221;0&#8243; shift_y=&#8221;0&#8243; shift_y_down=&#8221;0&#8243; z_index=&#8221;0&#8243; medium_width=&#8221;0&#8243; mobile_width=&#8221;0&#8243; width=&#8221;1\/1&#8243;][vc_row_inner row_inner_height_percent=&#8221;0&#8243; overlay_alpha=&#8221;50&#8243; gutter_size=&#8221;4&#8243; shift_y=&#8221;0&#8243; z_index=&#8221;0&#8243; limit_content=&#8221;&#8221;][vc_column_inner column_width_use_pixel=&#8221;yes&#8221; align_horizontal=&#8221;align_center&#8221; gutter_size=&#8221;1&#8243; overlay_alpha=&#8221;50&#8243; shift_x=&#8221;0&#8243; shift_y=&#8221;0&#8243; shift_y_down=&#8221;0&#8243; z_index=&#8221;0&#8243; medium_width=&#8221;0&#8243; mobile_width=&#8221;0&#8243; width=&#8221;1\/1&#8243; column_width_pixel=&#8221;700&#8243;][vc_custom_heading heading_semantic=&#8221;h3&#8243; text_size=&#8221;fontsize-155944&#8243; uncode_shortcode_id=&#8221;156600&#8243; text_color_type=&#8221;uncode-solid&#8221; text_color_solid=&#8221;#e5022a&#8221;]Kontakt[\/vc_custom_heading][\/vc_column_inner][\/vc_row_inner][vc_row_inner row_inner_height_percent=&#8221;0&#8243; overlay_alpha=&#8221;50&#8243; gutter_size=&#8221;4&#8243; shift_y=&#8221;0&#8243; z_index=&#8221;0&#8243; limit_content=&#8221;&#8221;][vc_column_inner column_width_percent=&#8221;100&#8243; gutter_size=&#8221;3&#8243; overlay_alpha=&#8221;50&#8243; shift_x=&#8221;0&#8243; shift_y=&#8221;0&#8243; shift_y_down=&#8221;0&#8243; z_index=&#8221;0&#8243; medium_width=&#8221;3&#8243; mobile_width=&#8221;0&#8243; width=&#8221;1\/3&#8243;][vc_icon position=&#8221;left&#8221; icon=&#8221;fa fa-phone-handset&#8221; size=&#8221;fa-3x&#8221; heading_semantic=&#8221;div&#8221; text_size=&#8221;h2&#8243; title=&#8221;Telefon&#8221; uncode_shortcode_id=&#8221;435902&#8243; icon_color_type=&#8221;uncode-solid&#8221; icon_color_solid=&#8221;#e5022a&#8221;]<\/p>\n<h3>tel: <a href=\"tel:63 246 71 88\">63 246 71 88<\/a><\/h3>\n<h3>kom: <a href=\"&quot;tel:+48\"><span class=\"JsGRdQ\">+48 732 917 096<\/span><\/a><\/h3>\n<p>[\/vc_icon][\/vc_column_inner][vc_column_inner column_width_percent=&#8221;100&#8243; gutter_size=&#8221;3&#8243; overlay_alpha=&#8221;50&#8243; shift_x=&#8221;0&#8243; shift_y=&#8221;0&#8243; shift_y_down=&#8221;0&#8243; z_index=&#8221;0&#8243; medium_width=&#8221;3&#8243; mobile_width=&#8221;0&#8243; width=&#8221;1\/3&#8243;][vc_icon position=&#8221;left&#8221; icon=&#8221;fa fa-envelope3&#8243; size=&#8221;fa-3x&#8221; heading_semantic=&#8221;div&#8221; text_size=&#8221;h2&#8243; title=&#8221;E-mail&#8221; uncode_shortcode_id=&#8221;589318&#8243; icon_color_type=&#8221;uncode-solid&#8221; icon_color_solid=&#8221;#e5022a&#8221;]<\/p>\n<h3><span style=\"font-family: DM Sans;\">spts.salezjaniekonin@gmail.com<\/span><\/h3>\n<p>&nbsp;<\/p>\n<p>&nbsp;<\/p>\n<h4><strong><span style=\"color: #000080;\">Nr konta bankowego:<\/span><\/strong><br \/>\n<strong>77 1600 1084 1844 7297 2000 0001<\/strong><br \/>\nBNP Paribas Bank Polska SA<\/h4>\n<h3><\/h3>\n<p>[\/vc_icon][\/vc_column_inner][\/vc_row_inner][vc_icon position=&#8221;left&#8221; icon=&#8221;fa fa-map-pin&#8221; size=&#8221;fa-3x&#8221; heading_semantic=&#8221;div&#8221; text_size=&#8221;h2&#8243; title=&#8221;Adres&#8221; uncode_shortcode_id=&#8221;112332&#8243; icon_color_type=&#8221;uncode-solid&#8221; icon_color_solid=&#8221;#e5022a&#8221;]<\/p>\n<h3><a href=\"https:\/\/goo.gl\/maps\/LWJA93tcHA8qXr4V8\"><span class=\"font-613363\">ul. Sp\u00f3\u0142dzielc\u00f3w 30<br \/>\n62-510, Konin<br \/>\nWielkopolska<\/span><\/a><\/h3>\n<p>&nbsp;<\/p>\n<p style=\"text-align: center;\"><iframe style=\"border: 0;\" src=\"https:\/\/www.google.com\/maps\/embed?pb=!1m18!1m12!1m3!1d2443.514268846406!2d18.223115751800943!3d52.23404207966171!2m3!1f0!2f0!3f0!3m2!1i1024!2i768!4f13.1!3m3!1m2!1s0x471b340a138ef837%3A0x21fd1e856f323295!2sSzko%C5%82a%20Podstawowa%20Towarzystwa%20Salezjanskiego%20im.%20Dominika%20Savio%20w%20Koninie!5e0!3m2!1spl!2spl!4v1669109264999!5m2!1spl!2spl\" width=\"600\" height=\"450\" allowfullscreen=\"allowfullscreen\"><\/iframe><\/p>\n<p>[\/vc_icon][\/vc_column][\/vc_row]<\/p>\n<\/div>","protected":false},"excerpt":{"rendered":"<p>If you&#8217;d like to discuss working with us, find out more about the range of services we have to offer, or just want to have a chat, please get in touch.<\/p>\n","protected":false},"author":1,"featured_media":0,"parent":36601,"menu_order":0,"comment_status":"open","ping_status":"closed","template":"","meta":{"footnotes":""},"class_list":["post-3974","page","type-page","status-publish","hentry"],"_links":{"self":[{"href":"https:\/\/spts.konin.pl\/index.php\/wp-json\/wp\/v2\/pages\/3974","targetHints":{"allow":["GET"]}}],"collection":[{"href":"https:\/\/spts.konin.pl\/index.php\/wp-json\/wp\/v2\/pages"}],"about":[{"href":"https:\/\/spts.konin.pl\/index.php\/wp-json\/wp\/v2\/types\/page"}],"author":[{"embeddable":true,"href":"https:\/\/spts.konin.pl\/index.php\/wp-json\/wp\/v2\/users\/1"}],"replies":[{"embeddable":true,"href":"https:\/\/spts.konin.pl\/index.php\/wp-json\/wp\/v2\/comments?post=3974"}],"version-history":[{"count":22,"href":"https:\/\/spts.konin.pl\/index.php\/wp-json\/wp\/v2\/pages\/3974\/revisions"}],"predecessor-version":[{"id":118232,"href":"https:\/\/spts.konin.pl\/index.php\/wp-json\/wp\/v2\/pages\/3974\/revisions\/118232"}],"up":[{"embeddable":true,"href":"https:\/\/spts.konin.pl\/index.php\/wp-json\/wp\/v2\/pages\/36601"}],"wp:attachment":[{"href":"https:\/\/spts.konin.pl\/index.php\/wp-json\/wp\/v2\/media?parent=3974"}],"curies":[{"name":"wp","href":"https:\/\/api.w.org\/{rel}","templated":true}]}}