{"id":361,"date":"2017-07-05T09:14:50","date_gmt":"2017-07-05T09:14:50","guid":{"rendered":"http:\/\/sptskonin.salezjanie.pl\/?page_id=361"},"modified":"2017-07-05T09:14:50","modified_gmt":"2017-07-05T09:14:50","slug":"team","status":"publish","type":"page","link":"https:\/\/spts.konin.pl\/index.php\/elements\/team\/","title":{"rendered":"Wycieczki"},"content":{"rendered":"<figure><img decoding=\"async\" width=\"770\" height=\"460\" src=\"http:\/\/sptskonin.salezjanie.pl\/wp-content\/uploads\/2019\/03\/53243824_853151511743487_8597633071769976832_n-770x460.jpg\" alt=\"\" \/><figcaption>Bia\u0142a szko\u0142a 2019<\/figcaption><\/figure>\n<figure><img decoding=\"async\" width=\"770\" height=\"460\" src=\"http:\/\/sptskonin.salezjanie.pl\/wp-content\/uploads\/2019\/03\/52893640_853151648410140_5997373632123240448_n-770x460.jpg\" alt=\"\" \/><figcaption>Bia\u0142a szko\u0142a 2019<\/figcaption><\/figure>\n<figure><img decoding=\"async\" width=\"770\" height=\"460\" src=\"http:\/\/sptskonin.salezjanie.pl\/wp-content\/uploads\/2019\/03\/52824753_853151488410156_1368517287929184256_n-770x460.jpg\" alt=\"\" \/><figcaption>Bia\u0142a szko\u0142a 2019<\/figcaption><\/figure>\n<figure><img decoding=\"async\" width=\"770\" height=\"460\" src=\"http:\/\/sptskonin.salezjanie.pl\/wp-content\/uploads\/2019\/03\/52822559_853151785076793_8622468574130208768_n-770x460.jpg\" alt=\"\" \/><figcaption>Bia\u0142a szko\u0142a 2019<\/figcaption><\/figure>\n<figure><img decoding=\"async\" width=\"770\" height=\"460\" src=\"http:\/\/sptskonin.salezjanie.pl\/wp-content\/uploads\/2019\/03\/52794036_853151928410112_8402792752265297920_n-770x460.jpg\" alt=\"\" \/><figcaption>Bia\u0142a szko\u0142a 2019<\/figcaption><\/figure>\n<figure><img decoding=\"async\" width=\"770\" height=\"460\" src=\"http:\/\/sptskonin.salezjanie.pl\/wp-content\/uploads\/2019\/03\/52788281_853151748410130_5061849537950253056_n-770x460.jpg\" alt=\"\" \/><figcaption>Bia\u0142a szko\u0142a 2019<\/figcaption><\/figure>\n<figure><img decoding=\"async\" width=\"770\" height=\"460\" src=\"http:\/\/sptskonin.salezjanie.pl\/wp-content\/uploads\/2019\/03\/52605410_853151691743469_2735786471247052800_n-770x460.jpg\" alt=\"\" \/><figcaption>Bia\u0142a szko\u0142a 2019<\/figcaption><\/figure>\n","protected":false},"excerpt":{"rendered":"<p>Bia\u0142a szko\u0142a 2019 Bia\u0142a szko\u0142a 2019 Bia\u0142a szko\u0142a 2019 Bia\u0142a szko\u0142a 2019 Bia\u0142a szko\u0142a 2019 Bia\u0142a szko\u0142a 2019 Bia\u0142a szko\u0142a [&hellip;]<\/p>\n","protected":false},"author":1,"featured_media":0,"parent":97,"menu_order":0,"comment_status":"closed","ping_status":"closed","template":"","meta":{"footnotes":""},"class_list":["post-361","page","type-page","status-publish","hentry"],"_links":{"self":[{"href":"https:\/\/spts.konin.pl\/index.php\/wp-json\/wp\/v2\/pages\/361","targetHints":{"allow":["GET"]}}],"collection":[{"href":"https:\/\/spts.konin.pl\/index.php\/wp-json\/wp\/v2\/pages"}],"about":[{"href":"https:\/\/spts.konin.pl\/index.php\/wp-json\/wp\/v2\/types\/page"}],"author":[{"embeddable":true,"href":"https:\/\/spts.konin.pl\/index.php\/wp-json\/wp\/v2\/users\/1"}],"replies":[{"embeddable":true,"href":"https:\/\/spts.konin.pl\/index.php\/wp-json\/wp\/v2\/comments?post=361"}],"version-history":[{"count":0,"href":"https:\/\/spts.konin.pl\/index.php\/wp-json\/wp\/v2\/pages\/361\/revisions"}],"up":[{"embeddable":true,"href":"https:\/\/spts.konin.pl\/index.php\/wp-json\/wp\/v2\/pages\/97"}],"wp:attachment":[{"href":"https:\/\/spts.konin.pl\/index.php\/wp-json\/wp\/v2\/media?parent=361"}],"curies":[{"name":"wp","href":"https:\/\/api.w.org\/{rel}","templated":true}]}}