{"id":3182,"date":"2019-03-21T11:08:01","date_gmt":"2019-03-21T10:08:01","guid":{"rendered":"http:\/\/sptskonin.salezjanie.pl\/?page_id=3182"},"modified":"2019-03-21T11:08:01","modified_gmt":"2019-03-21T10:08:01","slug":"dyrektor","status":"publish","type":"page","link":"https:\/\/spts.konin.pl\/index.php\/dyrektor\/","title":{"rendered":"Dyrekcja"},"content":{"rendered":"<p><strong>Dyrektor szko\u0142y:<\/strong><\/p>\n<p>ks. dr \u0141ukasz Paw\u0142owski<\/p>\n<p><strong>Wicedyrektorzy szko\u0142y:<\/strong><\/p>\n<p>mgr Adriana Wasela <\/p>\n<p>ks. Micha\u0142 Mejer<\/p>\n<p>\u00a0<\/p>\n<p>\u00a0<\/p>\n","protected":false},"excerpt":{"rendered":"<p>Dyrektor szko\u0142y: ks. dr \u0141ukasz Paw\u0142owski Wicedyrektorzy szko\u0142y: mgr Adriana Wasela ks. Micha\u0142 Mejer \u00a0 \u00a0<\/p>\n","protected":false},"author":1,"featured_media":0,"parent":0,"menu_order":0,"comment_status":"closed","ping_status":"closed","template":"","meta":{"footnotes":""},"class_list":["post-3182","page","type-page","status-publish","hentry"],"_links":{"self":[{"href":"https:\/\/spts.konin.pl\/index.php\/wp-json\/wp\/v2\/pages\/3182","targetHints":{"allow":["GET"]}}],"collection":[{"href":"https:\/\/spts.konin.pl\/index.php\/wp-json\/wp\/v2\/pages"}],"about":[{"href":"https:\/\/spts.konin.pl\/index.php\/wp-json\/wp\/v2\/types\/page"}],"author":[{"embeddable":true,"href":"https:\/\/spts.konin.pl\/index.php\/wp-json\/wp\/v2\/users\/1"}],"replies":[{"embeddable":true,"href":"https:\/\/spts.konin.pl\/index.php\/wp-json\/wp\/v2\/comments?post=3182"}],"version-history":[{"count":0,"href":"https:\/\/spts.konin.pl\/index.php\/wp-json\/wp\/v2\/pages\/3182\/revisions"}],"wp:attachment":[{"href":"https:\/\/spts.konin.pl\/index.php\/wp-json\/wp\/v2\/media?parent=3182"}],"curies":[{"name":"wp","href":"https:\/\/api.w.org\/{rel}","templated":true}]}}