{"id":295,"date":"2017-06-27T14:08:34","date_gmt":"2017-06-27T14:08:34","guid":{"rendered":"http:\/\/sptskonin.salezjanie.pl\/?page_id=295"},"modified":"2023-10-24T08:28:06","modified_gmt":"2023-10-24T08:28:06","slug":"services","status":"publish","type":"page","link":"https:\/\/spts.konin.pl\/index.php\/services\/","title":{"rendered":"Rekrutacja"},"content":{"rendered":"<div class=\"wpb-content-wrapper\"><p>[vc_row][vc_column width=&#8221;1\/1&#8243;][vc_column_text]<\/p>\n<h6>Rekrutacja<\/h6>\n<h2>Rok szklny 2019\/20120<\/h2>\n<p><strong>ZAPRASZAMY do naszej szko\u0142y !!!<\/strong><\/p>\n<p><strong>klasy 1a &#8211; z rozszerzonym j\u0119zykiem angielskim \/18 miejsc\/,<\/strong><\/p>\n<p><strong>klasy 1b &#8211; z robotyk\u0105 i programowaniem \/18 miejsc\/,<\/strong><\/p>\n<p><strong>klasy 4b &#8211; z rozszerzon\u0105 matematyk\u0105 i elementami robotyki \/20 miejsc\/,<\/strong><\/p>\n<p><strong>klasy 7b &#8211; z rozszerzona chemi\u0105 i biologi\u0105 \/klasa akademicka\/ zaj\u0119cia na UAM w Poznaniu wydzia\u0142 chemii \/20 miejsc\/,<\/strong><\/p>\n<ul>\n<li>wychowanie w duchu warto\u015bci chrze\u015bcija\u0144skich,<\/li>\n<li>bezpieczna szko\u0142a,<\/li>\n<li>dwa j\u0119zyki obce ju\u017c od 1 klasy \/angielski i niemiecki\/,<\/li>\n<li>indywidualne podej\u015bcie do ka\u017cdego,<\/li>\n<li>rodzinna atmosfera,<\/li>\n<li>w wychowaniu stosujemy system prewencyjny,<\/li>\n<li>wysoki poziom nauczania,<\/li>\n<li>wyoskie wyniki egzamin\u00f3w zewn\u0119trznych,<\/li>\n<li>w klasach 1-3 zaj\u0119cia artystyczne i sportowe prowadzone przez nauczycieli przedmiotowych,<\/li>\n<li>bogata oferta zaj\u0119\u0107 dodatkowych,<\/li>\n<li>pracowania \u015bpiewu wokalnego,<\/li>\n<li>bogata siatka zaj\u0119\u0107 sportowych,<\/li>\n<li>\u015bwietlica codziennie do godziny 17.0<\/li>\n<\/ul>\n<p><a href=\"http:\/\/sptskonin.salezjanie.pl\/elements\/services\/\" role=\"button\"><br \/>\nLearn more<br \/>\n<\/a><\/p>\n<h6>meet the professionals<\/h6>\n<h2>Klasy<\/h2>\n<p>[cherry_services super_title=&#8221;&#8221; title=&#8221;&#8221; subtitle=&#8221;&#8221; columns=&#8221;3&#8243; columns_laptop=&#8221;2&#8243; columns_tablet=&#8221;1&#8243; columns_phone=&#8221;1&#8243; posts_per_page=&#8221;8&#8243; category=&#8221;&#8221; id=&#8221;&#8221; excerpt_length=&#8221;10&#8243; more=&#8221;false&#8221; more_text=&#8221;More&#8221; more_url=&#8221;#&#8221; ajax_more=&#8221;yes&#8221; pagination=&#8221;false&#8221; show_title=&#8221;yes&#8221; show_media=&#8221;yes&#8221; show_content=&#8221;yes&#8221; show_item_more=&#8221;yes&#8221; item_more_text=&#8221;read more &#8221; show_filters=&#8221;false&#8221; image_size=&#8221;post-thumbnail&#8221; template=&#8221;cards&#8221; use_space=&#8221;yes&#8221; use_rows_space=&#8221;yes&#8221;]<\/p>\n<h6>Newsletter for recieve<\/h6>\n<h2>Our latest updates<\/h2>\n<h6>meet the pupils<\/h6>\n<h2>School stories<\/h2>\n<p><a href=\"http:\/\/sptskonin.salezjanie.pl\/after-school-activity-tutors\/\"><img decoding=\"async\" src=\"http:\/\/sptskonin.salezjanie.pl\/wp-content\/uploads\/2017\/07\/post-2-370x260.jpg\" alt=\"After School Activity Tutors\" width=\"370\" height=\"260\"><\/a><a href=\"http:\/\/sptskonin.salezjanie.pl\/2017\/07\/12\/\"><time datetime=\"2017-07-12T12:36:02+01:00\" title=\"2017-07-12T12:36:02+01:00\">12\/07\/2017<\/time><\/a><\/p>\n<h5><a href=\"http:\/\/sptskonin.salezjanie.pl\/after-school-activity-tutors\/\">After School Activity Tutors<\/a><\/h5>\n<p><a href=\"http:\/\/sptskonin.salezjanie.pl\/a-huge-thank-you-for-the-fall-festival\/\"><img decoding=\"async\" src=\"http:\/\/sptskonin.salezjanie.pl\/wp-content\/uploads\/2017\/07\/post-1-370x260.jpg\" alt=\"A Huge Thank You for The Fall Festival!\" width=\"370\" height=\"260\"><\/a><a href=\"http:\/\/sptskonin.salezjanie.pl\/2017\/07\/12\/\"><time datetime=\"2017-07-12T12:32:28+01:00\" title=\"2017-07-12T12:32:28+01:00\">12\/07\/2017<\/time><\/a><\/p>\n<h5><a href=\"http:\/\/sptskonin.salezjanie.pl\/a-huge-thank-you-for-the-fall-festival\/\">A Huge Thank You for The Fall Festival!<\/a><\/h5>\n<p><a href=\"http:\/\/sptskonin.salezjanie.pl\/skills-to-develop-your-childs-memory\/\"><img decoding=\"async\" src=\"http:\/\/sptskonin.salezjanie.pl\/wp-content\/uploads\/2017\/07\/post-3-370x260.jpg\" alt=\"Skills to Develop Your Child\u2019s Memory\" width=\"370\" height=\"260\"><\/a><a href=\"http:\/\/sptskonin.salezjanie.pl\/2017\/07\/12\/\"><time datetime=\"2017-07-12T12:30:51+01:00\" title=\"2017-07-12T12:30:51+01:00\">12\/07\/2017<\/time><\/a><\/p>\n<h5><a href=\"http:\/\/sptskonin.salezjanie.pl\/skills-to-develop-your-childs-memory\/\">Skills to Develop Your Child\u2019s Memory<\/a><\/h5>\n<h6>We love to teach<\/h6>\n<h2>What People <em>Say<\/em><\/h2>\n<blockquote>\n<p>I was recommended to choose Scholary for my son. I visited school, talked to teachers and students and found so many opportunities, that I had no doubts what decision to make.<\/p>\n<footer>\n\t\t\t<cite>Helen Shultz<\/cite><br \/>\nAccountant<br \/>\n<\/footer>\n<\/blockquote>\n<blockquote>\n<p>I loved teaching staff from our first meeting. I saw they are intelligent, open-hearted and educated. My children now have a very strong base for further education.<\/p>\n<footer>\n\t\t\t<cite>John Doe<\/cite><br \/>\nCompany CEO<br \/>\n<\/footer>\n<\/blockquote>\n<blockquote>\n<p>I want to thank all teachers who do their best to provide our children with qualitative and useful knowledge. They perfectly mix education and play \u2013 children are satisfied with this!<\/p>\n<footer>\n\t\t\t<cite>Mary Fox<\/cite><br \/>\nJournalist<br \/>\n<\/footer>\n<\/blockquote>\n<h6>Frequently Asked Questions<\/h6>\n<h2>FAQ<\/h2>\n<p><a href=\"\">1. Why We?<\/a><\/p>\n<p>&nbsp;Sholary\u2019s curriculum is designed to build on this natural curiosity and to channel the enthusiasm of the boys into a lifelong love for learning, discovery and understanding.<\/p>\n<p><a href=\"\">2. What industries do you specialize in?<\/a><\/p>\n<p>&nbsp;Sholary\u2019s curriculum is designed to build on this natural curiosity and to channel the enthusiasm of the boys into a lifelong love for learning, discovery and understanding.<\/p>\n<p><a href=\"\">3. Can you help us to learn somethig new?<\/a><\/p>\n<p>&nbsp;Sholary\u2019s curriculum is designed to build on this natural curiosity and to channel the enthusiasm of the boys into a lifelong love for learning, discovery and understanding.<\/p>\n<h6>Get In Touch<\/h6>\n<h2>Contact <em>Details<\/em><\/h2>\n<p>If you are interested in working with us then please drop us a line, we would love to hear from you.<\/p>\n<h5>\n\t\t\t\t\t121 Wallstreet Street, New York , USA<\/h5>\n<p><a href=\"mailto:info@schoolary.com\"><br \/>\n<\/a><\/p>\n<h5>\n\t\t\t\t\t<a href=\"mailto:info@schoolary.com\">info@scholary.com<\/a><\/h5>\n<p><a href=\"tel:80012345678\"><br \/>\n<\/a><\/p>\n<h5>\n\t\t\t\t\t<a href=\"tel:80012345678\">+800 1234 56 78<\/a><\/h5>\n<h6>contact us<\/h6>\n<h2>Drop Us <em>A Line<\/em><\/h2>\n<form action=\"\/wp-admin\/admin-ajax.php#wpcf7-f123-o2\" method=\"post\" novalidate=\"novalidate\">\n<input type=\"hidden\" name=\"_wpcf7\" value=\"123\"><br \/>\n<input type=\"hidden\" name=\"_wpcf7_version\" value=\"5.1.1\"><br \/>\n<input type=\"hidden\" name=\"_wpcf7_locale\" value=\"en_US\"><br \/>\n<input type=\"hidden\" name=\"_wpcf7_unit_tag\" value=\"wpcf7-f123-o2\"><br \/>\n<input type=\"hidden\" name=\"_wpcf7_container_post\" value=\"0\"><br \/>\n<input type=\"hidden\" name=\"g-recaptcha-response\" value=\"\"><\/p>\n<p><input type=\"text\" name=\"text-109\" value=\"\" size=\"40\" aria-required=\"true\" aria-invalid=\"false\" placeholder=\"Name *\"><\/p>\n<p><input type=\"email\" name=\"email-684\" value=\"\" size=\"40\" aria-required=\"true\" aria-invalid=\"false\" placeholder=\"E-mail *\"><\/p>\n<p><input type=\"tel\" name=\"tel-915\" value=\"\" size=\"40\" aria-invalid=\"false\" placeholder=\"Phone\"><\/p>\n<p><input type=\"submit\" value=\"Request Quote\"><\/p>\n<\/form>\n<p>[\/vc_column_text][\/vc_column][\/vc_row]<\/p>\n<\/div>","protected":false},"excerpt":{"rendered":"<p>[vc_row][vc_column width=&#8221;1\/1&#8243;][vc_column_text] Rekrutacja Rok szklny 2019\/20120 ZAPRASZAMY do naszej szko\u0142y !!! klasy 1a &#8211; z rozszerzonym j\u0119zykiem angielskim \/18 miejsc\/, [&hellip;]<\/p>\n","protected":false},"author":1,"featured_media":0,"parent":0,"menu_order":0,"comment_status":"closed","ping_status":"closed","template":"","meta":{"footnotes":""},"class_list":["post-295","page","type-page","status-publish","hentry"],"_links":{"self":[{"href":"https:\/\/spts.konin.pl\/index.php\/wp-json\/wp\/v2\/pages\/295","targetHints":{"allow":["GET"]}}],"collection":[{"href":"https:\/\/spts.konin.pl\/index.php\/wp-json\/wp\/v2\/pages"}],"about":[{"href":"https:\/\/spts.konin.pl\/index.php\/wp-json\/wp\/v2\/types\/page"}],"author":[{"embeddable":true,"href":"https:\/\/spts.konin.pl\/index.php\/wp-json\/wp\/v2\/users\/1"}],"replies":[{"embeddable":true,"href":"https:\/\/spts.konin.pl\/index.php\/wp-json\/wp\/v2\/comments?post=295"}],"version-history":[{"count":1,"href":"https:\/\/spts.konin.pl\/index.php\/wp-json\/wp\/v2\/pages\/295\/revisions"}],"predecessor-version":[{"id":118109,"href":"https:\/\/spts.konin.pl\/index.php\/wp-json\/wp\/v2\/pages\/295\/revisions\/118109"}],"wp:attachment":[{"href":"https:\/\/spts.konin.pl\/index.php\/wp-json\/wp\/v2\/media?parent=295"}],"curies":[{"name":"wp","href":"https:\/\/api.w.org\/{rel}","templated":true}]}}