{"id":2904,"date":"2019-03-18T12:53:58","date_gmt":"2019-03-18T11:53:58","guid":{"rendered":"http:\/\/sptskonin.salezjanie.pl\/?page_id=2904"},"modified":"2024-04-16T15:31:05","modified_gmt":"2024-04-16T15:31:05","slug":"glowna","status":"publish","type":"page","link":"https:\/\/spts.konin.pl\/index.php\/glowna\/","title":{"rendered":"G\u0141\u00d3WNA"},"content":{"rendered":"<div class=\"wpb-content-wrapper\"><p>[vc_row][vc_column width=&#8221;1\/1&#8243;][vc_column_text]<\/p>\n<h2><a href=\"http:\/\/www.gtskonin.salezjanie.pl\/podstawowa\/index.php\">Strona w trakcie opracowaniA. kliknij, aby przej\u015b\u0107 na dotychczasow\u0105 stron\u0119 szko\u0142y<\/a><\/h2>\n<p><img decoding=\"async\" width=\"1024\" height=\"674\" src=\"http:\/\/sptskonin.salezjanie.pl\/wp-content\/uploads\/2019\/03\/IMG_3851-1024x674.jpg\" alt=\"\" srcset=\"http:\/\/sptskonin.salezjanie.pl\/wp-content\/uploads\/2019\/03\/IMG_3851-1024x674.jpg 1024w, http:\/\/sptskonin.salezjanie.pl\/wp-content\/uploads\/2019\/03\/IMG_3851-300x197.jpg 300w, http:\/\/sptskonin.salezjanie.pl\/wp-content\/uploads\/2019\/03\/IMG_3851-768x505.jpg 768w, http:\/\/sptskonin.salezjanie.pl\/wp-content\/uploads\/2019\/03\/IMG_3851-370x243.jpg 370w, http:\/\/sptskonin.salezjanie.pl\/wp-content\/uploads\/2019\/03\/IMG_3851-400x263.jpg 400w, http:\/\/sptskonin.salezjanie.pl\/wp-content\/uploads\/2019\/03\/IMG_3851-900x592.jpg 900w, http:\/\/sptskonin.salezjanie.pl\/wp-content\/uploads\/2019\/03\/IMG_3851-456x300.jpg 456w, http:\/\/sptskonin.salezjanie.pl\/wp-content\/uploads\/2019\/03\/IMG_3851-1026x675.jpg 1026w\" sizes=\"(max-width: 1024px) 100vw, 1024px\"><br \/>\n<img decoding=\"async\" width=\"724\" height=\"1024\" src=\"http:\/\/sptskonin.salezjanie.pl\/wp-content\/uploads\/2019\/03\/salezjanie2-1-724x1024.jpg\" alt=\"\" srcset=\"http:\/\/sptskonin.salezjanie.pl\/wp-content\/uploads\/2019\/03\/salezjanie2-1-724x1024.jpg 724w, http:\/\/sptskonin.salezjanie.pl\/wp-content\/uploads\/2019\/03\/salezjanie2-1-212x300.jpg 212w, http:\/\/sptskonin.salezjanie.pl\/wp-content\/uploads\/2019\/03\/salezjanie2-1-768x1086.jpg 768w, http:\/\/sptskonin.salezjanie.pl\/wp-content\/uploads\/2019\/03\/salezjanie2-1-370x523.jpg 370w, http:\/\/sptskonin.salezjanie.pl\/wp-content\/uploads\/2019\/03\/salezjanie2-1-400x566.jpg 400w, http:\/\/sptskonin.salezjanie.pl\/wp-content\/uploads\/2019\/03\/salezjanie2-1-900x1273.jpg 900w, http:\/\/sptskonin.salezjanie.pl\/wp-content\/uploads\/2019\/03\/salezjanie2-1-477x675.jpg 477w, http:\/\/sptskonin.salezjanie.pl\/wp-content\/uploads\/2019\/03\/salezjanie2-1-764x1080.jpg 764w, http:\/\/sptskonin.salezjanie.pl\/wp-content\/uploads\/2019\/03\/salezjanie2-1.jpg 1500w\" sizes=\"(max-width: 724px) 100vw, 724px\">[\/vc_column_text][\/vc_column][\/vc_row]<\/p>\n<\/div>","protected":false},"excerpt":{"rendered":"<p>[vc_row][vc_column width=&#8221;1\/1&#8243;][vc_column_text] Strona w trakcie opracowaniA. kliknij, aby przej\u015b\u0107 na dotychczasow\u0105 stron\u0119 szko\u0142y [\/vc_column_text][\/vc_column][\/vc_row]<\/p>\n","protected":false},"author":1,"featured_media":0,"parent":0,"menu_order":0,"comment_status":"closed","ping_status":"closed","template":"","meta":{"footnotes":""},"class_list":["post-2904","page","type-page","status-publish","hentry"],"_links":{"self":[{"href":"https:\/\/spts.konin.pl\/index.php\/wp-json\/wp\/v2\/pages\/2904","targetHints":{"allow":["GET"]}}],"collection":[{"href":"https:\/\/spts.konin.pl\/index.php\/wp-json\/wp\/v2\/pages"}],"about":[{"href":"https:\/\/spts.konin.pl\/index.php\/wp-json\/wp\/v2\/types\/page"}],"author":[{"embeddable":true,"href":"https:\/\/spts.konin.pl\/index.php\/wp-json\/wp\/v2\/users\/1"}],"replies":[{"embeddable":true,"href":"https:\/\/spts.konin.pl\/index.php\/wp-json\/wp\/v2\/comments?post=2904"}],"version-history":[{"count":1,"href":"https:\/\/spts.konin.pl\/index.php\/wp-json\/wp\/v2\/pages\/2904\/revisions"}],"predecessor-version":[{"id":118168,"href":"https:\/\/spts.konin.pl\/index.php\/wp-json\/wp\/v2\/pages\/2904\/revisions\/118168"}],"wp:attachment":[{"href":"https:\/\/spts.konin.pl\/index.php\/wp-json\/wp\/v2\/media?parent=2904"}],"curies":[{"name":"wp","href":"https:\/\/api.w.org\/{rel}","templated":true}]}}