{"id":117892,"date":"2022-11-23T11:01:19","date_gmt":"2022-11-23T11:01:19","guid":{"rendered":"https:\/\/spts.zidev.pl\/?page_id=117892"},"modified":"2025-07-31T10:38:44","modified_gmt":"2025-07-31T10:38:44","slug":"rekrutacja","status":"publish","type":"page","link":"https:\/\/spts.konin.pl\/index.php\/rekrutacja\/","title":{"rendered":"Rekrutacja"},"content":{"rendered":"<div class=\"wpb-content-wrapper\"><p>[vc_row row_height_percent=&#8221;0&#8243; override_padding=&#8221;yes&#8221; h_padding=&#8221;2&#8243; top_padding=&#8221;5&#8243; bottom_padding=&#8221;5&#8243; overlay_alpha=&#8221;50&#8243; gutter_size=&#8221;4&#8243; column_width_percent=&#8221;100&#8243; shift_y=&#8221;0&#8243; z_index=&#8221;0&#8243; el_class=&#8221;inverted-device-order&#8221;][vc_column column_width_percent=&#8221;100&#8243; position_horizontal=&#8221;left&#8221; position_vertical=&#8221;middle&#8221; gutter_size=&#8221;3&#8243; overlay_alpha=&#8221;50&#8243; shift_x=&#8221;0&#8243; shift_y=&#8221;0&#8243; shift_y_down=&#8221;0&#8243; z_index=&#8221;0&#8243; medium_width=&#8221;4&#8243; mobile_width=&#8221;0&#8243; width=&#8221;1\/2&#8243;][vc_custom_heading heading_semantic=&#8221;h3&#8243; text_size=&#8221;fontsize-155944&#8243; separator=&#8221;under&#8221; subheading=&#8221;Przedstawiamy Pa\u0144stwu zasady rekrutacji uczni\u00f3w do klas I-VIII.<br \/>\nZ dniem 20 pa\u017adziernika 2025 rozpoczynamy rekrutacj\u0119 na rok szkolny 2026\/2027.<br \/>\nW zwi\u0105zku z dalszym rozwojem szko\u0142y planujemy uruchomienie naboru uzupe\u0142niaj\u0105cego do klas II \u2013VIII.<br \/>\nW miar\u0119 wolnych miejsc rekrutacja uzupe\u0142niaj\u0105ca mo\u017ce trwa\u0107 przez ca\u0142y rok.<br \/>\nZg\u0142oszenia kandydat\u00f3w na uczni\u00f3w (wnioski) s\u0105 przyjmowane za po\u015brednictwem szkolnej strony internetowej lub w sekretariacie.<br \/>\nCzesne w naszej szkole wynosi 800 z\u0142\/m-c za dziecko. P\u0142atne 12 m-cy.<br \/>\nZasady rekrutacji znajduj\u0105 si\u0119 w zak\u0142adce dokumenty&#8221; uncode_shortcode_id=&#8221;160994&#8243; text_color_type=&#8221;uncode-palette&#8221; text_color_solid=&#8221;#e5022a&#8221;]<span style=\"color: #ff0000;\">Rekrutacja 2026\/2027<\/span>[\/vc_custom_heading][vc_separator sep_color=&#8221;,Default&#8221;][vc_button border_width=&#8221;0&#8243; link=&#8221;url:https%3A%2F%2Fspskonin-my.sharepoint.com%2F%3Ab%3A%2Fg%2Fpersonal%2Fadmin_spts_konin_pl%2FEdvbG4C7psRJlHeNnZ0WigkBTGgB97VaQxzs6jQ1BuBfNQ%3Fe%3DcfM31P|target:_blank&#8221; button_color_type=&#8221;uncode-solid&#8221; uncode_shortcode_id=&#8221;164330&#8243; button_color_solid=&#8221;#e5022a&#8221;]Formularz[\/vc_button][\/vc_column][vc_column width=&#8221;1\/2&#8243;][vc_single_image media=&#8221;118138&#8243; media_width_percent=&#8221;100&#8243; alignment=&#8221;right&#8221; uncode_shortcode_id=&#8221;124230&#8243;][\/vc_column][\/vc_row]<\/p>\n<\/div>","protected":false},"excerpt":{"rendered":"<p>[vc_row row_height_percent=&#8221;0&#8243; override_padding=&#8221;yes&#8221; h_padding=&#8221;2&#8243; top_padding=&#8221;5&#8243; bottom_padding=&#8221;5&#8243; overlay_alpha=&#8221;50&#8243; gutter_size=&#8221;4&#8243; column_width_percent=&#8221;100&#8243; shift_y=&#8221;0&#8243; z_index=&#8221;0&#8243; el_class=&#8221;inverted-device-order&#8221;][vc_column column_width_percent=&#8221;100&#8243; position_horizontal=&#8221;left&#8221; position_vertical=&#8221;middle&#8221; gutter_size=&#8221;3&#8243; overlay_alpha=&#8221;50&#8243; shift_x=&#8221;0&#8243; shift_y=&#8221;0&#8243; shift_y_down=&#8221;0&#8243; [&hellip;]<\/p>\n","protected":false},"author":1,"featured_media":0,"parent":0,"menu_order":0,"comment_status":"closed","ping_status":"closed","template":"","meta":{"footnotes":""},"class_list":["post-117892","page","type-page","status-publish","hentry"],"_links":{"self":[{"href":"https:\/\/spts.konin.pl\/index.php\/wp-json\/wp\/v2\/pages\/117892","targetHints":{"allow":["GET"]}}],"collection":[{"href":"https:\/\/spts.konin.pl\/index.php\/wp-json\/wp\/v2\/pages"}],"about":[{"href":"https:\/\/spts.konin.pl\/index.php\/wp-json\/wp\/v2\/types\/page"}],"author":[{"embeddable":true,"href":"https:\/\/spts.konin.pl\/index.php\/wp-json\/wp\/v2\/users\/1"}],"replies":[{"embeddable":true,"href":"https:\/\/spts.konin.pl\/index.php\/wp-json\/wp\/v2\/comments?post=117892"}],"version-history":[{"count":31,"href":"https:\/\/spts.konin.pl\/index.php\/wp-json\/wp\/v2\/pages\/117892\/revisions"}],"predecessor-version":[{"id":118229,"href":"https:\/\/spts.konin.pl\/index.php\/wp-json\/wp\/v2\/pages\/117892\/revisions\/118229"}],"wp:attachment":[{"href":"https:\/\/spts.konin.pl\/index.php\/wp-json\/wp\/v2\/media?parent=117892"}],"curies":[{"name":"wp","href":"https:\/\/api.w.org\/{rel}","templated":true}]}}